{"id":544,"date":"2024-06-10T20:19:37","date_gmt":"2024-06-11T02:19:37","guid":{"rendered":"https:\/\/el-gatonegro.com\/?page_id=544"},"modified":"2024-06-11T03:20:26","modified_gmt":"2024-06-11T09:20:26","slug":"blog-2","status":"publish","type":"page","link":"https:\/\/el-gatonegro.com\/fr\/blog-2\/","title":{"rendered":"Blog"},"content":{"rendered":"<div data-elementor-type=\"wp-page\" data-elementor-id=\"544\" class=\"elementor elementor-544\">\n\t\t\t\t<div class=\"elementor-element elementor-element-4de607d e-con-full e-flex e-con e-parent\" data-id=\"4de607d\" data-element_type=\"container\" data-e-type=\"container\">\n\t\t\t\t<div class=\"elementor-element elementor-element-6c9debf elementor-grid-eael-col-4 elementor-grid-tablet-eael-col-2 elementor-grid-mobile-eael-col-1 elementor-widget elementor-widget-eael-post-grid\" data-id=\"6c9debf\" data-element_type=\"widget\" data-e-type=\"widget\" data-settings=\"{&quot;eael_post_grid_columns&quot;:&quot;eael-col-4&quot;,&quot;eael_post_grid_columns_tablet&quot;:&quot;eael-col-2&quot;,&quot;eael_post_grid_columns_mobile&quot;:&quot;eael-col-1&quot;}\" data-widget_type=\"eael-post-grid.default\">\n\t\t\t\t<div class=\"elementor-widget-container\">\n\t\t\t\t\t<div id=\"eael-post-grid-6c9debf\" class=\"eael-post-grid-container\">\n            <div class=\"eael-post-grid eael-post-appender eael-post-appender-6c9debf eael-post-grid-style-one\" data-layout-mode=\"grid\"><article class=\"eael-grid-post  eael-post-grid-column eael-pg-post-1561 category-artes-graficas-offset\" data-id=\"1561\">\n        <div class=\"eael-grid-post-holder\">\n            <div class=\"eael-grid-post-holder-inner\"><div class=\"eael-entry-media\"><div class=\"eael-entry-overlay none\"><i class=\"\" aria-hidden=\"true\"><\/i><a href=\"https:\/\/el-gatonegro.com\/fr\/artes-graficas\/tecnicas-de-impresion\/\"><\/a><\/div><div class=\"eael-entry-thumbnail eael-image-ratio\">\n                <img fetchpriority=\"high\" decoding=\"async\" width=\"300\" height=\"300\" src=\"https:\/\/el-gatonegro.com\/wp-content\/uploads\/2024\/06\/offset-300x300.png\" class=\"attachment-medium size-medium wp-image-1563\" alt=\"T\u00e9cnicas de impresi\u00f3n\" srcset=\"https:\/\/el-gatonegro.com\/wp-content\/uploads\/2024\/06\/offset-300x300.png 300w, https:\/\/el-gatonegro.com\/wp-content\/uploads\/2024\/06\/offset-150x150.png 150w, https:\/\/el-gatonegro.com\/wp-content\/uploads\/2024\/06\/offset-12x12.png 12w, https:\/\/el-gatonegro.com\/wp-content\/uploads\/2024\/06\/offset.png 500w\" sizes=\"(max-width: 300px) 100vw, 300px\" \/>\n            <\/div>\n        <\/div><div class=\"eael-entry-wrapper\"><header class=\"eael-entry-header\"><h2 class=\"eael-entry-title\"><a class=\"eael-grid-post-link\" href=\"https:\/\/el-gatonegro.com\/fr\/artes-graficas\/tecnicas-de-impresion\/\" title=\"T\u00e9cnicas de impresi\u00f3n\">T\u00e9cnicas de impresi\u00f3n<\/a><\/h2><\/header><div class=\"eael-entry-content\">\n                        <div class=\"eael-grid-post-excerpt\"><p>Qu\u00e9 t\u00e9cnicas de impresi\u00f3n existen actualmente y cu\u00e1l es la...<\/p><a href=\"https:\/\/el-gatonegro.com\/fr\/artes-graficas\/tecnicas-de-impresion\/\" class=\"eael-post-elements-readmore-btn\">Leer art\u00edculo <\/a><\/div>\n                    <\/div><\/div><\/div>\n        <\/div>\n    <\/article><article class=\"eael-grid-post  eael-post-grid-column eael-pg-post-304 category-artes-graficas-offset\" data-id=\"304\">\n        <div class=\"eael-grid-post-holder\">\n            <div class=\"eael-grid-post-holder-inner\"><div class=\"eael-entry-media\"><div class=\"eael-entry-overlay none\"><i class=\"\" aria-hidden=\"true\"><\/i><a href=\"https:\/\/el-gatonegro.com\/fr\/artes-graficas\/catalogos\/\"><\/a><\/div><div class=\"eael-entry-thumbnail eael-image-ratio\">\n                <img decoding=\"async\" width=\"300\" height=\"225\" src=\"https:\/\/el-gatonegro.com\/wp-content\/uploads\/2024\/05\/catalogos-2-300x225.png\" class=\"attachment-medium size-medium wp-image-1384\" alt=\"cat\u00e1logos\" srcset=\"https:\/\/el-gatonegro.com\/wp-content\/uploads\/2024\/05\/catalogos-2-300x225.png 300w, https:\/\/el-gatonegro.com\/wp-content\/uploads\/2024\/05\/catalogos-2-768x576.png 768w, https:\/\/el-gatonegro.com\/wp-content\/uploads\/2024\/05\/catalogos-2-16x12.png 16w, https:\/\/el-gatonegro.com\/wp-content\/uploads\/2024\/05\/catalogos-2.png 946w\" sizes=\"(max-width: 300px) 100vw, 300px\" \/>\n            <\/div>\n        <\/div><div class=\"eael-entry-wrapper\"><header class=\"eael-entry-header\"><h2 class=\"eael-entry-title\"><a class=\"eael-grid-post-link\" href=\"https:\/\/el-gatonegro.com\/fr\/artes-graficas\/catalogos\/\" title=\"Catalogues\">Catalogues<\/a><\/h2><\/header><div class=\"eael-entry-content\">\n                        <div class=\"eael-grid-post-excerpt\"><p>\u00bfCu\u00e1l es la importancia de contar con cat\u00e1logos de productos...<\/p><a href=\"https:\/\/el-gatonegro.com\/fr\/artes-graficas\/catalogos\/\" class=\"eael-post-elements-readmore-btn\">Leer art\u00edculo <\/a><\/div>\n                    <\/div><\/div><\/div>\n        <\/div>\n    <\/article><article class=\"eael-grid-post  eael-post-grid-column eael-pg-post-286 category-menu-digital-pagina-web-productos-digitales-tienda-online\" data-id=\"286\">\n        <div class=\"eael-grid-post-holder\">\n            <div class=\"eael-grid-post-holder-inner\"><div class=\"eael-entry-media\"><div class=\"eael-entry-overlay none\"><i class=\"\" aria-hidden=\"true\"><\/i><a href=\"https:\/\/el-gatonegro.com\/fr\/productos-digitales\/sitios-web\/\"><\/a><\/div><div class=\"eael-entry-thumbnail eael-image-ratio\">\n                <img decoding=\"async\" width=\"300\" height=\"225\" src=\"https:\/\/el-gatonegro.com\/wp-content\/uploads\/2024\/05\/dweb-300x225.png\" class=\"attachment-medium size-medium wp-image-1387\" alt=\"dise\u00f1o web\" srcset=\"https:\/\/el-gatonegro.com\/wp-content\/uploads\/2024\/05\/dweb-300x225.png 300w, https:\/\/el-gatonegro.com\/wp-content\/uploads\/2024\/05\/dweb-768x576.png 768w, https:\/\/el-gatonegro.com\/wp-content\/uploads\/2024\/05\/dweb-16x12.png 16w, https:\/\/el-gatonegro.com\/wp-content\/uploads\/2024\/05\/dweb.png 946w\" sizes=\"(max-width: 300px) 100vw, 300px\" \/>\n            <\/div>\n        <\/div><div class=\"eael-entry-wrapper\"><header class=\"eael-entry-header\"><h2 class=\"eael-entry-title\"><a class=\"eael-grid-post-link\" href=\"https:\/\/el-gatonegro.com\/fr\/productos-digitales\/sitios-web\/\" title=\"Tipos de Sitios Web\">Tipos de Sitios Web<\/a><\/h2><\/header><div class=\"eael-entry-content\">\n                        <div class=\"eael-grid-post-excerpt\"><p>\u00bfCuantos tipos de sitios web existen y en qu\u00e9 radican...<\/p><a href=\"https:\/\/el-gatonegro.com\/fr\/productos-digitales\/sitios-web\/\" class=\"eael-post-elements-readmore-btn\">Leer art\u00edculo <\/a><\/div>\n                    <\/div><\/div><\/div>\n        <\/div>\n    <\/article><article class=\"eael-grid-post  eael-post-grid-column eael-pg-post-262 category-artes-graficas-productos-digitales\" data-id=\"262\">\n        <div class=\"eael-grid-post-holder\">\n            <div class=\"eael-grid-post-holder-inner\"><div class=\"eael-entry-media\"><div class=\"eael-entry-overlay none\"><i class=\"\" aria-hidden=\"true\"><\/i><a href=\"https:\/\/el-gatonegro.com\/fr\/artes-graficas\/diseno-grafico\/\"><\/a><\/div><div class=\"eael-entry-thumbnail eael-image-ratio\">\n                <img loading=\"lazy\" decoding=\"async\" width=\"300\" height=\"225\" src=\"https:\/\/el-gatonegro.com\/wp-content\/uploads\/2024\/05\/Diseno-grafico-300x225.png\" class=\"attachment-medium size-medium wp-image-1371\" alt=\"Dise\u00f1o gr\u00e1fico\" srcset=\"https:\/\/el-gatonegro.com\/wp-content\/uploads\/2024\/05\/Diseno-grafico-300x225.png 300w, https:\/\/el-gatonegro.com\/wp-content\/uploads\/2024\/05\/Diseno-grafico-768x576.png 768w, https:\/\/el-gatonegro.com\/wp-content\/uploads\/2024\/05\/Diseno-grafico-16x12.png 16w, https:\/\/el-gatonegro.com\/wp-content\/uploads\/2024\/05\/Diseno-grafico.png 946w\" sizes=\"(max-width: 300px) 100vw, 300px\" \/>\n            <\/div>\n        <\/div><div class=\"eael-entry-wrapper\"><header class=\"eael-entry-header\"><h2 class=\"eael-entry-title\"><a class=\"eael-grid-post-link\" href=\"https:\/\/el-gatonegro.com\/fr\/artes-graficas\/diseno-grafico\/\" title=\"Design graphique\">Design graphique<\/a><\/h2><\/header><div class=\"eael-entry-content\">\n                        <div class=\"eael-grid-post-excerpt\"><p>Te comentamos sobre las ventajas de utilizar el servicio profesional...<\/p><a href=\"https:\/\/el-gatonegro.com\/fr\/artes-graficas\/diseno-grafico\/\" class=\"eael-post-elements-readmore-btn\">Leer art\u00edculo <\/a><\/div>\n                    <\/div><\/div><\/div>\n        <\/div>\n    <\/article><article class=\"eael-grid-post  eael-post-grid-column eael-pg-post-257 category-artes-graficas-offset-productos-digitales\" data-id=\"257\">\n        <div class=\"eael-grid-post-holder\">\n            <div class=\"eael-grid-post-holder-inner\"><div class=\"eael-entry-media\"><div class=\"eael-entry-overlay none\"><i class=\"\" aria-hidden=\"true\"><\/i><a href=\"https:\/\/el-gatonegro.com\/fr\/artes-graficas\/tarjetas-de-presentacion\/\"><\/a><\/div><div class=\"eael-entry-thumbnail eael-image-ratio\">\n                <img loading=\"lazy\" decoding=\"async\" width=\"300\" height=\"225\" src=\"https:\/\/el-gatonegro.com\/wp-content\/uploads\/2024\/07\/Gato-negro-tpelgn-300x225.png\" class=\"attachment-medium size-medium wp-image-2026\" alt=\"Tarjetas de presentaci\u00f3n\" srcset=\"https:\/\/el-gatonegro.com\/wp-content\/uploads\/2024\/07\/Gato-negro-tpelgn-300x225.png 300w, https:\/\/el-gatonegro.com\/wp-content\/uploads\/2024\/07\/Gato-negro-tpelgn-768x576.png 768w, https:\/\/el-gatonegro.com\/wp-content\/uploads\/2024\/07\/Gato-negro-tpelgn-16x12.png 16w, https:\/\/el-gatonegro.com\/wp-content\/uploads\/2024\/07\/Gato-negro-tpelgn.png 946w\" sizes=\"(max-width: 300px) 100vw, 300px\" \/>\n            <\/div>\n        <\/div><div class=\"eael-entry-wrapper\"><header class=\"eael-entry-header\"><h2 class=\"eael-entry-title\"><a class=\"eael-grid-post-link\" href=\"https:\/\/el-gatonegro.com\/fr\/artes-graficas\/tarjetas-de-presentacion\/\" title=\"Cartes de pr\u00e9sentation\">Cartes de pr\u00e9sentation<\/a><\/h2><\/header><div class=\"eael-entry-content\">\n                        <div class=\"eael-grid-post-excerpt\"><p>Aqu\u00ed te comentamos sobre las tarjetas de presentaci\u00f3n que manejamos...<\/p><a href=\"https:\/\/el-gatonegro.com\/fr\/artes-graficas\/tarjetas-de-presentacion\/\" class=\"eael-post-elements-readmore-btn\">Leer art\u00edculo <\/a><\/div>\n                    <\/div><\/div><\/div>\n        <\/div>\n    <\/article><article class=\"eael-grid-post  eael-post-grid-column eael-pg-post-101 category-menu-digital-productos-digitales\" data-id=\"101\">\n        <div class=\"eael-grid-post-holder\">\n            <div class=\"eael-grid-post-holder-inner\"><div class=\"eael-entry-media\"><div class=\"eael-entry-overlay none\"><i class=\"\" aria-hidden=\"true\"><\/i><a href=\"https:\/\/el-gatonegro.com\/fr\/productos-digitales\/menu-digital\/\"><\/a><\/div><div class=\"eael-entry-thumbnail eael-image-ratio\">\n                <img loading=\"lazy\" decoding=\"async\" width=\"300\" height=\"225\" src=\"https:\/\/el-gatonegro.com\/wp-content\/uploads\/2024\/05\/menu-d-300x225.png\" class=\"attachment-medium size-medium wp-image-1385\" alt=\"Men\u00fa digital\" srcset=\"https:\/\/el-gatonegro.com\/wp-content\/uploads\/2024\/05\/menu-d-300x225.png 300w, https:\/\/el-gatonegro.com\/wp-content\/uploads\/2024\/05\/menu-d-768x576.png 768w, https:\/\/el-gatonegro.com\/wp-content\/uploads\/2024\/05\/menu-d-16x12.png 16w, https:\/\/el-gatonegro.com\/wp-content\/uploads\/2024\/05\/menu-d.png 946w\" sizes=\"(max-width: 300px) 100vw, 300px\" \/>\n            <\/div>\n        <\/div><div class=\"eael-entry-wrapper\"><header class=\"eael-entry-header\"><h2 class=\"eael-entry-title\"><a class=\"eael-grid-post-link\" href=\"https:\/\/el-gatonegro.com\/fr\/productos-digitales\/menu-digital\/\" title=\"Menu num\u00e9rique\">Menu num\u00e9rique<\/a><\/h2><\/header><div class=\"eael-entry-content\">\n                        <div class=\"eael-grid-post-excerpt\"><p>Te comentaremos sobre nuestros men\u00fas digitales, producto dirigido a la...<\/p><a href=\"https:\/\/el-gatonegro.com\/fr\/productos-digitales\/menu-digital\/\" class=\"eael-post-elements-readmore-btn\">Leer art\u00edculo <\/a><\/div>\n                    <\/div><\/div><\/div>\n        <\/div>\n    <\/article><\/div>\n            <div class=\"clearfix\"><\/div>\n        <\/div>\t\t\t\t<\/div>\n\t\t\t\t<\/div>\n\t\t\t\t<\/div>\n\t\t\t\t<\/div>","protected":false},"excerpt":{"rendered":"<p>P\u00e1gina de novedades en el mundo digital y de las artes gr\u00e1ficas.<\/p>","protected":false},"author":1,"featured_media":0,"parent":0,"menu_order":0,"comment_status":"closed","ping_status":"closed","template":"elementor_canvas","meta":{"footnotes":""},"class_list":["post-544","page","type-page","status-publish","hentry"],"yoast_head":"<!-- This site is optimized with the Yoast SEO plugin v27.2 - https:\/\/yoast.com\/product\/yoast-seo-wordpress\/ -->\n<title>Blog | El Gato Negro<\/title>\n<meta name=\"description\" content=\"En esta p\u00e1gina nuestro blog te compartimos nuestras novedades en productos digitales y artes gr\u00e1ficas y te mostraremos recomendaciones.\" \/>\n<meta name=\"robots\" content=\"index, follow, max-snippet:-1, max-image-preview:large, max-video-preview:-1\" \/>\n<link rel=\"canonical\" href=\"https:\/\/el-gatonegro.com\/fr\/blog-2\/\" \/>\n<meta property=\"og:locale\" content=\"fr_FR\" \/>\n<meta property=\"og:type\" content=\"article\" \/>\n<meta property=\"og:title\" content=\"Blog | El Gato Negro\" \/>\n<meta property=\"og:description\" content=\"En esta p\u00e1gina nuestro blog te compartimos nuestras novedades en productos digitales y artes gr\u00e1ficas y te mostraremos recomendaciones.\" \/>\n<meta property=\"og:url\" content=\"https:\/\/el-gatonegro.com\/fr\/blog-2\/\" \/>\n<meta property=\"og:site_name\" content=\"El Gato Negro\" \/>\n<meta property=\"article:publisher\" content=\"https:\/\/www.facebook.com\/profile.php?id=61560449428210\" \/>\n<meta property=\"article:modified_time\" content=\"2024-06-11T09:20:26+00:00\" \/>\n<meta property=\"og:image\" content=\"https:\/\/el-gatonegro.com\/wp-content\/uploads\/2024\/05\/Gato-negro-favicon-1.png\" \/>\n\t<meta property=\"og:image:width\" content=\"535\" \/>\n\t<meta property=\"og:image:height\" content=\"535\" \/>\n\t<meta property=\"og:image:type\" content=\"image\/png\" \/>\n<meta name=\"twitter:card\" content=\"summary_large_image\" \/>\n<meta name=\"twitter:site\" content=\"@ElgatonegroJ\" \/>\n<meta name=\"twitter:label1\" content=\"Dur\u00e9e de lecture estim\u00e9e\" \/>\n\t<meta name=\"twitter:data1\" content=\"2 minutes\" \/>\n<script type=\"application\/ld+json\" class=\"yoast-schema-graph\">{\"@context\":\"https:\/\/schema.org\",\"@graph\":[{\"@type\":\"WebPage\",\"@id\":\"https:\/\/el-gatonegro.com\/blog-2\/\",\"url\":\"https:\/\/el-gatonegro.com\/blog-2\/\",\"name\":\"Blog | El Gato Negro\",\"isPartOf\":{\"@id\":\"https:\/\/el-gatonegro.com\/#website\"},\"primaryImageOfPage\":{\"@id\":\"https:\/\/el-gatonegro.com\/blog-2\/#primaryimage\"},\"image\":{\"@id\":\"https:\/\/el-gatonegro.com\/blog-2\/#primaryimage\"},\"thumbnailUrl\":\"https:\/\/el-gatonegro.com\/wp-content\/uploads\/2024\/05\/Gato-negro-catalogos-300x117.png\",\"datePublished\":\"2024-06-11T02:19:37+00:00\",\"dateModified\":\"2024-06-11T09:20:26+00:00\",\"description\":\"En esta p\u00e1gina nuestro blog te compartimos nuestras novedades en productos digitales y artes gr\u00e1ficas y te mostraremos recomendaciones.\",\"breadcrumb\":{\"@id\":\"https:\/\/el-gatonegro.com\/blog-2\/#breadcrumb\"},\"inLanguage\":\"fr-FR\",\"potentialAction\":[{\"@type\":\"ReadAction\",\"target\":[\"https:\/\/el-gatonegro.com\/blog-2\/\"]}]},{\"@type\":\"ImageObject\",\"inLanguage\":\"fr-FR\",\"@id\":\"https:\/\/el-gatonegro.com\/blog-2\/#primaryimage\",\"url\":\"https:\/\/el-gatonegro.com\/wp-content\/uploads\/2024\/05\/Gato-negro-catalogos-300x117.png\",\"contentUrl\":\"https:\/\/el-gatonegro.com\/wp-content\/uploads\/2024\/05\/Gato-negro-catalogos-300x117.png\"},{\"@type\":\"BreadcrumbList\",\"@id\":\"https:\/\/el-gatonegro.com\/blog-2\/#breadcrumb\",\"itemListElement\":[{\"@type\":\"ListItem\",\"position\":1,\"name\":\"Portada\",\"item\":\"https:\/\/el-gatonegro.com\/\"},{\"@type\":\"ListItem\",\"position\":2,\"name\":\"Blog\"}]},{\"@type\":\"WebSite\",\"@id\":\"https:\/\/el-gatonegro.com\/#website\",\"url\":\"https:\/\/el-gatonegro.com\/\",\"name\":\"El Gato Negro\",\"description\":\"Desarrollo Web\",\"publisher\":{\"@id\":\"https:\/\/el-gatonegro.com\/#organization\"},\"alternateName\":\"El gato negro\",\"potentialAction\":[{\"@type\":\"SearchAction\",\"target\":{\"@type\":\"EntryPoint\",\"urlTemplate\":\"https:\/\/el-gatonegro.com\/?s={search_term_string}\"},\"query-input\":{\"@type\":\"PropertyValueSpecification\",\"valueRequired\":true,\"valueName\":\"search_term_string\"}}],\"inLanguage\":\"fr-FR\"},{\"@type\":\"Organization\",\"@id\":\"https:\/\/el-gatonegro.com\/#organization\",\"name\":\"El Gato Negro\",\"url\":\"https:\/\/el-gatonegro.com\/\",\"logo\":{\"@type\":\"ImageObject\",\"inLanguage\":\"fr-FR\",\"@id\":\"https:\/\/el-gatonegro.com\/#\/schema\/logo\/image\/\",\"url\":\"https:\/\/el-gatonegro.com\/wp-content\/uploads\/2024\/06\/cropped-Gato-negro-logotipo.png\",\"contentUrl\":\"https:\/\/el-gatonegro.com\/wp-content\/uploads\/2024\/06\/cropped-Gato-negro-logotipo.png\",\"width\":709,\"height\":290,\"caption\":\"El Gato Negro\"},\"image\":{\"@id\":\"https:\/\/el-gatonegro.com\/#\/schema\/logo\/image\/\"},\"sameAs\":[\"https:\/\/www.facebook.com\/profile.php?id=61560449428210\",\"https:\/\/x.com\/ElgatonegroJ\",\"https:\/\/www.instagram.com\/elgatonegro95\/\",\"https:\/\/www.youtube.com\/channel\/UC-9FJNVHT5f4YiWBVSA43uw\"]}]}<\/script>\n<!-- \/ Yoast SEO plugin. -->","yoast_head_json":{"title":"Blog | El Gato Negro","description":"En esta p\u00e1gina nuestro blog te compartimos nuestras novedades en productos digitales y artes gr\u00e1ficas y te mostraremos recomendaciones.","robots":{"index":"index","follow":"follow","max-snippet":"max-snippet:-1","max-image-preview":"max-image-preview:large","max-video-preview":"max-video-preview:-1"},"canonical":"https:\/\/el-gatonegro.com\/fr\/blog-2\/","og_locale":"fr_FR","og_type":"article","og_title":"Blog | El Gato Negro","og_description":"En esta p\u00e1gina nuestro blog te compartimos nuestras novedades en productos digitales y artes gr\u00e1ficas y te mostraremos recomendaciones.","og_url":"https:\/\/el-gatonegro.com\/fr\/blog-2\/","og_site_name":"El Gato Negro","article_publisher":"https:\/\/www.facebook.com\/profile.php?id=61560449428210","article_modified_time":"2024-06-11T09:20:26+00:00","og_image":[{"width":535,"height":535,"url":"https:\/\/el-gatonegro.com\/wp-content\/uploads\/2024\/05\/Gato-negro-favicon-1.png","type":"image\/png"}],"twitter_card":"summary_large_image","twitter_site":"@ElgatonegroJ","twitter_misc":{"Dur\u00e9e de lecture estim\u00e9e":"2 minutes"},"schema":{"@context":"https:\/\/schema.org","@graph":[{"@type":"WebPage","@id":"https:\/\/el-gatonegro.com\/blog-2\/","url":"https:\/\/el-gatonegro.com\/blog-2\/","name":"Blog | El Gato Negro","isPartOf":{"@id":"https:\/\/el-gatonegro.com\/#website"},"primaryImageOfPage":{"@id":"https:\/\/el-gatonegro.com\/blog-2\/#primaryimage"},"image":{"@id":"https:\/\/el-gatonegro.com\/blog-2\/#primaryimage"},"thumbnailUrl":"https:\/\/el-gatonegro.com\/wp-content\/uploads\/2024\/05\/Gato-negro-catalogos-300x117.png","datePublished":"2024-06-11T02:19:37+00:00","dateModified":"2024-06-11T09:20:26+00:00","description":"En esta p\u00e1gina nuestro blog te compartimos nuestras novedades en productos digitales y artes gr\u00e1ficas y te mostraremos recomendaciones.","breadcrumb":{"@id":"https:\/\/el-gatonegro.com\/blog-2\/#breadcrumb"},"inLanguage":"fr-FR","potentialAction":[{"@type":"ReadAction","target":["https:\/\/el-gatonegro.com\/blog-2\/"]}]},{"@type":"ImageObject","inLanguage":"fr-FR","@id":"https:\/\/el-gatonegro.com\/blog-2\/#primaryimage","url":"https:\/\/el-gatonegro.com\/wp-content\/uploads\/2024\/05\/Gato-negro-catalogos-300x117.png","contentUrl":"https:\/\/el-gatonegro.com\/wp-content\/uploads\/2024\/05\/Gato-negro-catalogos-300x117.png"},{"@type":"BreadcrumbList","@id":"https:\/\/el-gatonegro.com\/blog-2\/#breadcrumb","itemListElement":[{"@type":"ListItem","position":1,"name":"Portada","item":"https:\/\/el-gatonegro.com\/"},{"@type":"ListItem","position":2,"name":"Blog"}]},{"@type":"WebSite","@id":"https:\/\/el-gatonegro.com\/#website","url":"https:\/\/el-gatonegro.com\/","name":"El Gato Negro","description":"Desarrollo Web","publisher":{"@id":"https:\/\/el-gatonegro.com\/#organization"},"alternateName":"El gato negro","potentialAction":[{"@type":"SearchAction","target":{"@type":"EntryPoint","urlTemplate":"https:\/\/el-gatonegro.com\/?s={search_term_string}"},"query-input":{"@type":"PropertyValueSpecification","valueRequired":true,"valueName":"search_term_string"}}],"inLanguage":"fr-FR"},{"@type":"Organization","@id":"https:\/\/el-gatonegro.com\/#organization","name":"El Gato Negro","url":"https:\/\/el-gatonegro.com\/","logo":{"@type":"ImageObject","inLanguage":"fr-FR","@id":"https:\/\/el-gatonegro.com\/#\/schema\/logo\/image\/","url":"https:\/\/el-gatonegro.com\/wp-content\/uploads\/2024\/06\/cropped-Gato-negro-logotipo.png","contentUrl":"https:\/\/el-gatonegro.com\/wp-content\/uploads\/2024\/06\/cropped-Gato-negro-logotipo.png","width":709,"height":290,"caption":"El Gato Negro"},"image":{"@id":"https:\/\/el-gatonegro.com\/#\/schema\/logo\/image\/"},"sameAs":["https:\/\/www.facebook.com\/profile.php?id=61560449428210","https:\/\/x.com\/ElgatonegroJ","https:\/\/www.instagram.com\/elgatonegro95\/","https:\/\/www.youtube.com\/channel\/UC-9FJNVHT5f4YiWBVSA43uw"]}]}},"_links":{"self":[{"href":"https:\/\/el-gatonegro.com\/fr\/wp-json\/wp\/v2\/pages\/544","targetHints":{"allow":["GET"]}}],"collection":[{"href":"https:\/\/el-gatonegro.com\/fr\/wp-json\/wp\/v2\/pages"}],"about":[{"href":"https:\/\/el-gatonegro.com\/fr\/wp-json\/wp\/v2\/types\/page"}],"author":[{"embeddable":true,"href":"https:\/\/el-gatonegro.com\/fr\/wp-json\/wp\/v2\/users\/1"}],"replies":[{"embeddable":true,"href":"https:\/\/el-gatonegro.com\/fr\/wp-json\/wp\/v2\/comments?post=544"}],"version-history":[{"count":15,"href":"https:\/\/el-gatonegro.com\/fr\/wp-json\/wp\/v2\/pages\/544\/revisions"}],"predecessor-version":[{"id":656,"href":"https:\/\/el-gatonegro.com\/fr\/wp-json\/wp\/v2\/pages\/544\/revisions\/656"}],"wp:attachment":[{"href":"https:\/\/el-gatonegro.com\/fr\/wp-json\/wp\/v2\/media?parent=544"}],"curies":[{"name":"wp","href":"https:\/\/api.w.org\/{rel}","templated":true}]}}