{"id":1898,"date":"2024-07-05T12:00:12","date_gmt":"2024-07-05T18:00:12","guid":{"rendered":"https:\/\/el-gatonegro.com\/?page_id=1898"},"modified":"2024-07-13T03:45:40","modified_gmt":"2024-07-13T09:45:40","slug":"preguntas-y-respuestas-el-gato-negro","status":"publish","type":"page","link":"https:\/\/el-gatonegro.com\/fr\/preguntas-y-respuestas-el-gato-negro\/","title":{"rendered":"Preguntas y respuestas"},"content":{"rendered":"<div data-elementor-type=\"wp-page\" data-elementor-id=\"1898\" class=\"elementor elementor-1898\">\n\t\t\t\t<div class=\"elementor-element elementor-element-1079267 e-con-full e-flex e-con e-parent\" data-id=\"1079267\" data-element_type=\"container\" data-e-type=\"container\" data-settings=\"{&quot;background_background&quot;:&quot;classic&quot;}\">\n\t\t\t\t<div class=\"elementor-element elementor-element-f7d9209 elementor-widget elementor-widget-text-editor\" data-id=\"f7d9209\" data-element_type=\"widget\" data-e-type=\"widget\" data-widget_type=\"text-editor.default\">\n\t\t\t\t<div class=\"elementor-widget-container\">\n\t\t\t\t\t\t\t\t\t<p>Damos respuesta a las preguntas m\u00e1s frecuentes realizadas por los clientes de el gato negro.<\/p><p>Si tienes una duda o una sugerencia por favor no dudes en hac\u00e9rnoslas saber por nuestros medios de contacto.<\/p>\t\t\t\t\t\t\t\t<\/div>\n\t\t\t\t<\/div>\n\t\t\t\t<\/div>\n\t\t<div class=\"elementor-element elementor-element-1247743 e-con-full e-flex e-con e-parent\" data-id=\"1247743\" data-element_type=\"container\" data-e-type=\"container\" data-settings=\"{&quot;background_background&quot;:&quot;classic&quot;}\">\n\t\t\t\t<div class=\"elementor-element elementor-element-a854c2a elementor-widget elementor-widget-text-editor\" data-id=\"a854c2a\" data-element_type=\"widget\" data-e-type=\"widget\" data-widget_type=\"text-editor.default\">\n\t\t\t\t<div class=\"elementor-widget-container\">\n\t\t\t\t\t\t\t\t\t<p><strong>\u00bfCu\u00e1l es la din\u00e1mica para realizar un pedido?<\/strong><\/p><ol><li>De manera personal; generamos una orden de compra en la cu\u00e1l se especifican los datos de el cliente, las caracter\u00edsticas del producto, cantidad,\u00a0el tiempo de entrega,\u00a0 y el precio.\u00a0<\/li><li>De forma digital; Estamos felices de atender en nuestros diferentes medios de contacto y de igual forma entregamos la orden de compra.<\/li><\/ol><p>\u00a0<\/p><p><strong>\u00bfFactura el gato negro? <\/strong><\/p><p>S\u00ed, el precio es m\u00e1s IVA .<\/p><p>\u00a0<\/p><p><strong>\u00bfSi no requiero factura se cobra el IVA?<\/strong><\/p><p>No, es solo en caso de requerir factura.<\/p><p>\u00a0<\/p><p><strong>\u00bfTendr\u00e9 copia de mi pedido? <\/strong><\/p><p>S\u00ed, la orden de compra se env\u00eda foliada en formato PDF a un correo electr\u00f3nico o por whatsapp.<\/p><p>\u00a0<\/p><p><strong>\u00bfSe requiere anticipo? <\/strong><\/p><p>S\u00ed, pedimos el 50% a la orden de compra y se finiquita a la entrega.<\/p><p>\u00a0<\/p><p><strong>\u00bfTienen paquetes promocionales?<\/strong><\/p><p>S\u00ed, generamos paquetes a la medida de tu empresa y mejoramos precios.<\/p><p>\u00a0<\/p><p><strong>\u00bfCu\u00e1les son los tiempos de entrega?<\/strong><\/p><ol><li>Productos digitales generalmente de 8 a 15 d\u00edas h\u00e1biles.<\/li><li>Artes gr\u00e1ficas y promocionales generalmente de 3 a 8 d\u00edas h\u00e1biles .<\/li><li>Se especifica en la orden de compra.<\/li><\/ol><p>\u00a0<\/p><p><strong>\u00bfEn productos digitales es \u00fanico pago?<\/strong><\/p><p>Dominio y alojamiento el pago es anual de $1,000 para renovar.<\/p><p>\u00a0<\/p><p><strong>\u00bfSe da mantenimiento en productos digitales?<\/strong><\/p><p>S\u00ed, de hecho es necesario estar enriqueciendo el contenido constantemente para el SEO.<\/p><p>\u00a0<\/p><p><strong>\u00bfQu\u00e9 es el SEO?<\/strong><\/p><p>Es la optimizaci\u00f3n de los motores de b\u00fasqueda para indexar el sitio en los primeros resultados.<\/p><p>\u00a0<\/p><p><strong>\u00bfTiene costo extra?<\/strong><\/p><p>No, es parte del servicio.<\/p><p>\u00a0<\/p><p><strong>\u00bfEn men\u00fas digitales entregan el QR impreso?<\/strong><\/p><p>S\u00ed, una planilla adhesiva con 16 adhesivos individuales y el formato PDF por si requiere m\u00e1s.<\/p>\t\t\t\t\t\t\t\t<\/div>\n\t\t\t\t<\/div>\n\t\t\t\t<div class=\"elementor-element elementor-element-8cadf89 elementor-align-justify elementor-widget elementor-widget-button\" data-id=\"8cadf89\" data-element_type=\"widget\" data-e-type=\"widget\" data-widget_type=\"button.default\">\n\t\t\t\t<div class=\"elementor-widget-container\">\n\t\t\t\t\t\t\t\t\t<div class=\"elementor-button-wrapper\">\n\t\t\t\t\t<a class=\"elementor-button elementor-button-link elementor-size-sm\" href=\"https:\/\/el-gatonegro.com\/fr\/productos-digitales\/sitios-web\/\">\n\t\t\t\t\t\t<span class=\"elementor-button-content-wrapper\">\n\t\t\t\t\t\t\t\t\t<span class=\"elementor-button-text\">Te invitamos a leer nuestro art\u00edculo sobre tipos de sitios web, ah\u00ed te damos algunos argumento del por qu\u00e9 es importante contar con un sitio web.<\/span>\n\t\t\t\t\t<\/span>\n\t\t\t\t\t<\/a>\n\t\t\t\t<\/div>\n\t\t\t\t\t\t\t\t<\/div>\n\t\t\t\t<\/div>\n\t\t\t\t<\/div>\n\t\t\t\t<\/div>","protected":false},"excerpt":{"rendered":"<p>En esta p\u00e1gina damos respuesta a las preguntas frecuentes que nos realizan en el gato negro.<\/p>","protected":false},"author":1,"featured_media":0,"parent":0,"menu_order":0,"comment_status":"closed","ping_status":"closed","template":"elementor_canvas","meta":{"footnotes":""},"class_list":["post-1898","page","type-page","status-publish","hentry"],"yoast_head":"<!-- This site is optimized with the Yoast SEO plugin v27.2 - https:\/\/yoast.com\/product\/yoast-seo-wordpress\/ -->\n<title>Preguntas y respuestas | El Gato Negro<\/title>\n<meta name=\"description\" content=\"En esta p\u00e1gina damos respuesta a las preguntas m\u00e1s frecuentes que nos realizan en el gato negro y damos tambi\u00e9n opciones.\" \/>\n<meta name=\"robots\" content=\"index, follow, max-snippet:-1, max-image-preview:large, max-video-preview:-1\" \/>\n<link rel=\"canonical\" href=\"https:\/\/el-gatonegro.com\/fr\/preguntas-y-respuestas-el-gato-negro\/\" \/>\n<meta property=\"og:locale\" content=\"fr_FR\" \/>\n<meta property=\"og:type\" content=\"article\" \/>\n<meta property=\"og:title\" content=\"Preguntas y respuestas | El Gato Negro\" \/>\n<meta property=\"og:description\" content=\"En esta p\u00e1gina damos respuesta a las preguntas m\u00e1s frecuentes que nos realizan en el gato negro y damos tambi\u00e9n opciones.\" \/>\n<meta property=\"og:url\" content=\"https:\/\/el-gatonegro.com\/fr\/preguntas-y-respuestas-el-gato-negro\/\" \/>\n<meta property=\"og:site_name\" content=\"El Gato Negro\" \/>\n<meta property=\"article:publisher\" content=\"https:\/\/www.facebook.com\/profile.php?id=61560449428210\" \/>\n<meta property=\"article:modified_time\" content=\"2024-07-13T09:45:40+00:00\" \/>\n<meta name=\"twitter:card\" content=\"summary_large_image\" \/>\n<meta name=\"twitter:site\" content=\"@ElgatonegroJ\" \/>\n<meta name=\"twitter:label1\" content=\"Dur\u00e9e de lecture estim\u00e9e\" \/>\n\t<meta name=\"twitter:data1\" content=\"2 minutes\" \/>\n<script type=\"application\/ld+json\" class=\"yoast-schema-graph\">{\"@context\":\"https:\/\/schema.org\",\"@graph\":[{\"@type\":\"WebPage\",\"@id\":\"https:\/\/el-gatonegro.com\/preguntas-y-respuestas-el-gato-negro\/\",\"url\":\"https:\/\/el-gatonegro.com\/preguntas-y-respuestas-el-gato-negro\/\",\"name\":\"Preguntas y respuestas | El Gato Negro\",\"isPartOf\":{\"@id\":\"https:\/\/el-gatonegro.com\/#website\"},\"datePublished\":\"2024-07-05T18:00:12+00:00\",\"dateModified\":\"2024-07-13T09:45:40+00:00\",\"description\":\"En esta p\u00e1gina damos respuesta a las preguntas m\u00e1s frecuentes que nos realizan en el gato negro y damos tambi\u00e9n opciones.\",\"breadcrumb\":{\"@id\":\"https:\/\/el-gatonegro.com\/preguntas-y-respuestas-el-gato-negro\/#breadcrumb\"},\"inLanguage\":\"fr-FR\",\"potentialAction\":[{\"@type\":\"ReadAction\",\"target\":[\"https:\/\/el-gatonegro.com\/preguntas-y-respuestas-el-gato-negro\/\"]}]},{\"@type\":\"BreadcrumbList\",\"@id\":\"https:\/\/el-gatonegro.com\/preguntas-y-respuestas-el-gato-negro\/#breadcrumb\",\"itemListElement\":[{\"@type\":\"ListItem\",\"position\":1,\"name\":\"Portada\",\"item\":\"https:\/\/el-gatonegro.com\/\"},{\"@type\":\"ListItem\",\"position\":2,\"name\":\"Preguntas y respuestas\"}]},{\"@type\":\"WebSite\",\"@id\":\"https:\/\/el-gatonegro.com\/#website\",\"url\":\"https:\/\/el-gatonegro.com\/\",\"name\":\"El Gato Negro\",\"description\":\"Desarrollo Web\",\"publisher\":{\"@id\":\"https:\/\/el-gatonegro.com\/#organization\"},\"alternateName\":\"El gato negro\",\"potentialAction\":[{\"@type\":\"SearchAction\",\"target\":{\"@type\":\"EntryPoint\",\"urlTemplate\":\"https:\/\/el-gatonegro.com\/?s={search_term_string}\"},\"query-input\":{\"@type\":\"PropertyValueSpecification\",\"valueRequired\":true,\"valueName\":\"search_term_string\"}}],\"inLanguage\":\"fr-FR\"},{\"@type\":\"Organization\",\"@id\":\"https:\/\/el-gatonegro.com\/#organization\",\"name\":\"El Gato Negro\",\"url\":\"https:\/\/el-gatonegro.com\/\",\"logo\":{\"@type\":\"ImageObject\",\"inLanguage\":\"fr-FR\",\"@id\":\"https:\/\/el-gatonegro.com\/#\/schema\/logo\/image\/\",\"url\":\"https:\/\/el-gatonegro.com\/wp-content\/uploads\/2024\/06\/cropped-Gato-negro-logotipo.png\",\"contentUrl\":\"https:\/\/el-gatonegro.com\/wp-content\/uploads\/2024\/06\/cropped-Gato-negro-logotipo.png\",\"width\":709,\"height\":290,\"caption\":\"El Gato Negro\"},\"image\":{\"@id\":\"https:\/\/el-gatonegro.com\/#\/schema\/logo\/image\/\"},\"sameAs\":[\"https:\/\/www.facebook.com\/profile.php?id=61560449428210\",\"https:\/\/x.com\/ElgatonegroJ\",\"https:\/\/www.instagram.com\/elgatonegro95\/\",\"https:\/\/www.youtube.com\/channel\/UC-9FJNVHT5f4YiWBVSA43uw\"]}]}<\/script>\n<!-- \/ Yoast SEO plugin. -->","yoast_head_json":{"title":"Preguntas y respuestas | El Gato Negro","description":"En esta p\u00e1gina damos respuesta a las preguntas m\u00e1s frecuentes que nos realizan en el gato negro y damos tambi\u00e9n opciones.","robots":{"index":"index","follow":"follow","max-snippet":"max-snippet:-1","max-image-preview":"max-image-preview:large","max-video-preview":"max-video-preview:-1"},"canonical":"https:\/\/el-gatonegro.com\/fr\/preguntas-y-respuestas-el-gato-negro\/","og_locale":"fr_FR","og_type":"article","og_title":"Preguntas y respuestas | El Gato Negro","og_description":"En esta p\u00e1gina damos respuesta a las preguntas m\u00e1s frecuentes que nos realizan en el gato negro y damos tambi\u00e9n opciones.","og_url":"https:\/\/el-gatonegro.com\/fr\/preguntas-y-respuestas-el-gato-negro\/","og_site_name":"El Gato Negro","article_publisher":"https:\/\/www.facebook.com\/profile.php?id=61560449428210","article_modified_time":"2024-07-13T09:45:40+00:00","twitter_card":"summary_large_image","twitter_site":"@ElgatonegroJ","twitter_misc":{"Dur\u00e9e de lecture estim\u00e9e":"2 minutes"},"schema":{"@context":"https:\/\/schema.org","@graph":[{"@type":"WebPage","@id":"https:\/\/el-gatonegro.com\/preguntas-y-respuestas-el-gato-negro\/","url":"https:\/\/el-gatonegro.com\/preguntas-y-respuestas-el-gato-negro\/","name":"Preguntas y respuestas | El Gato Negro","isPartOf":{"@id":"https:\/\/el-gatonegro.com\/#website"},"datePublished":"2024-07-05T18:00:12+00:00","dateModified":"2024-07-13T09:45:40+00:00","description":"En esta p\u00e1gina damos respuesta a las preguntas m\u00e1s frecuentes que nos realizan en el gato negro y damos tambi\u00e9n opciones.","breadcrumb":{"@id":"https:\/\/el-gatonegro.com\/preguntas-y-respuestas-el-gato-negro\/#breadcrumb"},"inLanguage":"fr-FR","potentialAction":[{"@type":"ReadAction","target":["https:\/\/el-gatonegro.com\/preguntas-y-respuestas-el-gato-negro\/"]}]},{"@type":"BreadcrumbList","@id":"https:\/\/el-gatonegro.com\/preguntas-y-respuestas-el-gato-negro\/#breadcrumb","itemListElement":[{"@type":"ListItem","position":1,"name":"Portada","item":"https:\/\/el-gatonegro.com\/"},{"@type":"ListItem","position":2,"name":"Preguntas y respuestas"}]},{"@type":"WebSite","@id":"https:\/\/el-gatonegro.com\/#website","url":"https:\/\/el-gatonegro.com\/","name":"El Gato Negro","description":"Desarrollo Web","publisher":{"@id":"https:\/\/el-gatonegro.com\/#organization"},"alternateName":"El gato negro","potentialAction":[{"@type":"SearchAction","target":{"@type":"EntryPoint","urlTemplate":"https:\/\/el-gatonegro.com\/?s={search_term_string}"},"query-input":{"@type":"PropertyValueSpecification","valueRequired":true,"valueName":"search_term_string"}}],"inLanguage":"fr-FR"},{"@type":"Organization","@id":"https:\/\/el-gatonegro.com\/#organization","name":"El Gato Negro","url":"https:\/\/el-gatonegro.com\/","logo":{"@type":"ImageObject","inLanguage":"fr-FR","@id":"https:\/\/el-gatonegro.com\/#\/schema\/logo\/image\/","url":"https:\/\/el-gatonegro.com\/wp-content\/uploads\/2024\/06\/cropped-Gato-negro-logotipo.png","contentUrl":"https:\/\/el-gatonegro.com\/wp-content\/uploads\/2024\/06\/cropped-Gato-negro-logotipo.png","width":709,"height":290,"caption":"El Gato Negro"},"image":{"@id":"https:\/\/el-gatonegro.com\/#\/schema\/logo\/image\/"},"sameAs":["https:\/\/www.facebook.com\/profile.php?id=61560449428210","https:\/\/x.com\/ElgatonegroJ","https:\/\/www.instagram.com\/elgatonegro95\/","https:\/\/www.youtube.com\/channel\/UC-9FJNVHT5f4YiWBVSA43uw"]}]}},"_links":{"self":[{"href":"https:\/\/el-gatonegro.com\/fr\/wp-json\/wp\/v2\/pages\/1898","targetHints":{"allow":["GET"]}}],"collection":[{"href":"https:\/\/el-gatonegro.com\/fr\/wp-json\/wp\/v2\/pages"}],"about":[{"href":"https:\/\/el-gatonegro.com\/fr\/wp-json\/wp\/v2\/types\/page"}],"author":[{"embeddable":true,"href":"https:\/\/el-gatonegro.com\/fr\/wp-json\/wp\/v2\/users\/1"}],"replies":[{"embeddable":true,"href":"https:\/\/el-gatonegro.com\/fr\/wp-json\/wp\/v2\/comments?post=1898"}],"version-history":[{"count":121,"href":"https:\/\/el-gatonegro.com\/fr\/wp-json\/wp\/v2\/pages\/1898\/revisions"}],"predecessor-version":[{"id":2079,"href":"https:\/\/el-gatonegro.com\/fr\/wp-json\/wp\/v2\/pages\/1898\/revisions\/2079"}],"wp:attachment":[{"href":"https:\/\/el-gatonegro.com\/fr\/wp-json\/wp\/v2\/media?parent=1898"}],"curies":[{"name":"wp","href":"https:\/\/api.w.org\/{rel}","templated":true}]}}